{"id":13,"date":"2010-12-10T02:22:38","date_gmt":"2010-12-10T02:22:38","guid":{"rendered":"http:\/\/estuderecho.com\/sitio\/?page_id=13"},"modified":"2018-08-31T08:33:34","modified_gmt":"2018-08-31T14:33:34","slug":"pagina-2","status":"publish","type":"page","link":"http:\/\/estuderecho.com\/sitio\/?page_id=13","title":{"rendered":"Documentos"},"content":{"rendered":"<p><img loading=\"lazy\" decoding=\"async\" class=\"aligncenter size-full wp-image-222\" src=\"http:\/\/estuderecho.com\/sitio\/wp-content\/uploads\/2010\/12\/1-368.png\" alt=\"\" width=\"140\" height=\"140\" srcset=\"http:\/\/estuderecho.com\/sitio\/wp-content\/uploads\/2010\/12\/1-368.png 140w, http:\/\/estuderecho.com\/sitio\/wp-content\/uploads\/2010\/12\/1-368-36x36.png 36w, http:\/\/estuderecho.com\/sitio\/wp-content\/uploads\/2010\/12\/1-368-115x115.png 115w\" sizes=\"auto, (max-width: 140px) 100vw, 140px\" \/><\/p>\n<p><strong><span style=\"color: #800000;\"><span style=\"vertical-align: inherit;\"><span style=\"vertical-align: inherit;\"><span style=\"vertical-align: inherit;\"><span style=\"vertical-align: inherit;\"><span style=\"vertical-align: inherit;\"><span style=\"vertical-align: inherit;\"><span style=\"vertical-align: inherit;\"><span style=\"vertical-align: inherit;\"><span style=\"vertical-align: inherit;\"><span style=\"vertical-align: inherit;\">BIENVENIDOS AL CENTRO DE DESCARGAS DE DOCUMENTOS DE DERECHO<\/span><\/span><\/span><\/span><\/span><\/span><\/span><\/span><\/span><\/span><\/span><\/strong><\/p>\n<p style=\"text-align: left;\"><img loading=\"lazy\" decoding=\"async\" class=\"alignright\" src=\"http:\/\/findicons.com\/files\/icons\/937\/imod_for_dock\/512\/doc.png\" alt=\"\" width=\"247\" height=\"247\" \/><span style=\"vertical-align: inherit;\"><span style=\"vertical-align: inherit;\"><span style=\"vertical-align: inherit;\"><span style=\"vertical-align: inherit;\"><span style=\"vertical-align: inherit;\"><span style=\"vertical-align: inherit;\"><span style=\"vertical-align: inherit;\"><span style=\"vertical-align: inherit;\"><span style=\"vertical-align: inherit;\"><span style=\"vertical-align: inherit;\">Este espacio pretende poner a disposici\u00f3n de los estudiantes y Profesionales del Derecho de la man<\/span><\/span><\/span><\/span><\/span><\/span><\/span><\/span><\/span><\/span><\/p>\n<p>&nbsp;<\/p>\n<p style=\"text-align: left;\"><span style=\"vertical-align: inherit;\"><span style=\"vertical-align: inherit;\"><span style=\"vertical-align: inherit;\"><span style=\"vertical-align: inherit;\"><span style=\"vertical-align: inherit;\"><span style=\"vertical-align: inherit;\"><span style=\"vertical-align: inherit;\"><span style=\"vertical-align: inherit;\"><span style=\"vertical-align: inherit;\"><span style=\"vertical-align: inherit;\">era gratuita, descargas de documentos en formato electr\u00f3nico como apoyo, consultas y \/ o referencias acad\u00e9micas y laborales.<\/span><\/span><\/span><\/span><\/span><\/span><\/span><\/span><\/span><\/span><\/p>\n<p style=\"text-align: left;\"><span style=\"vertical-align: inherit;\"><span style=\"vertical-align: inherit;\"><span style=\"vertical-align: inherit;\"><span style=\"vertical-align: inherit;\"><span style=\"vertical-align: inherit;\"><span style=\"vertical-align: inherit;\"><span style=\"vertical-align: inherit;\"><span style=\"vertical-align: inherit;\"><span style=\"vertical-align: inherit;\"><span style=\"vertical-align: inherit;\">En este proyecto se recopila informaci\u00f3n sobre las diferentes disciplinas jur\u00eddicas como las contempladas en el nuevo pensum de Estudios de la Facultad de Ciencias Jur\u00eddicas y Sociales de la Universidad de San Carlos de Guatemala y de otras universidades de Guatemala.<\/span><\/span><\/span><\/span><\/span><\/span><\/span><\/span><\/span><\/span><\/p>\n<p><span style=\"vertical-align: inherit;\"><span style=\"vertical-align: inherit;\"><span style=\"vertical-align: inherit;\"><span style=\"vertical-align: inherit;\"><span style=\"vertical-align: inherit;\"><span style=\"vertical-align: inherit;\"><span style=\"vertical-align: inherit;\"><span style=\"vertical-align: inherit;\">\u00a0<\/span><\/span><\/span><\/span><\/span><\/span><\/span><\/span><\/p>\n<ul>\n<li class=\"cat-item cat-item-17\" style=\"text-align: left;\"><a title=\"Documentos de apoyo, res\u00famenes, ponencias, archivos electr\u00f3nicos de preparaci\u00f3n para privados, noticias y mucho m\u00e1s!\" href=\"http:\/\/estuderecho.com\/sitio\/?cat=17\"><span style=\"vertical-align: inherit;\"><span style=\"vertical-align: inherit;\"><span style=\"vertical-align: inherit;\"><span style=\"vertical-align: inherit;\"><span style=\"vertical-align: inherit;\"><span style=\"vertical-align: inherit;\"><span style=\"vertical-align: inherit;\"><span style=\"vertical-align: inherit;\">Derecho Administrativo<\/span><\/span><\/span><\/span><\/span><\/span><\/span><\/span><\/a><\/li>\n<li class=\"cat-item cat-item-1806\" style=\"text-align: left;\"><a href=\"http:\/\/estuderecho.com\/sitio\/?cat=1806\"><span style=\"vertical-align: inherit;\"><span style=\"vertical-align: inherit;\"><span style=\"vertical-align: inherit;\"><span style=\"vertical-align: inherit;\"><span style=\"vertical-align: inherit;\"><span style=\"vertical-align: inherit;\"><span style=\"vertical-align: inherit;\"><span style=\"vertical-align: inherit;\">Derecho Agrario y Ambiental<\/span><\/span><\/span><\/span><\/span><\/span><\/span><\/span><\/a><\/li>\n<li class=\"cat-item cat-item-18\" style=\"text-align: left;\"><a title=\"Documentos de apoyo de Derecho Civil, res\u00famenes, ponencias, archivos electr\u00f3nicos de preparaci\u00f3n para privados, noticias y mucho m\u00e1s!\" href=\"http:\/\/estuderecho.com\/sitio\/?cat=18\"><span style=\"vertical-align: inherit;\"><span style=\"vertical-align: inherit;\"><span style=\"vertical-align: inherit;\"><span style=\"vertical-align: inherit;\"><span style=\"vertical-align: inherit;\"><span style=\"vertical-align: inherit;\"><span style=\"vertical-align: inherit;\"><span style=\"vertical-align: inherit;\">Derecho Civil<\/span><\/span><\/span><\/span><\/span><\/span><\/span><\/span><\/a><\/li>\n<li class=\"cat-item cat-item-470\" style=\"text-align: left;\"><a href=\"http:\/\/estuderecho.com\/sitio\/?cat=470\"><span style=\"vertical-align: inherit;\"><span style=\"vertical-align: inherit;\"><span style=\"vertical-align: inherit;\"><span style=\"vertical-align: inherit;\"><span style=\"vertical-align: inherit;\"><span style=\"vertical-align: inherit;\"><span style=\"vertical-align: inherit;\"><span style=\"vertical-align: inherit;\">Derecho Constitucional<\/span><\/span><\/span><\/span><\/span><\/span><\/span><\/span><\/a><\/li>\n<li class=\"cat-item cat-item-493\" style=\"text-align: left;\"><a href=\"http:\/\/estuderecho.com\/sitio\/?cat=493\"><span style=\"vertical-align: inherit;\"><span style=\"vertical-align: inherit;\"><span style=\"vertical-align: inherit;\"><span style=\"vertical-align: inherit;\"><span style=\"vertical-align: inherit;\"><span style=\"vertical-align: inherit;\"><span style=\"vertical-align: inherit;\"><span style=\"vertical-align: inherit;\">Criminolog\u00eda<\/span><\/span><\/span><\/span><\/span><\/span><\/span><\/span><\/a><\/li>\n<li class=\"cat-item cat-item-65\" style=\"text-align: left;\"><a href=\"http:\/\/estuderecho.com\/sitio\/?cat=65\"><span style=\"vertical-align: inherit;\"><span style=\"vertical-align: inherit;\"><span style=\"vertical-align: inherit;\"><span style=\"vertical-align: inherit;\"><span style=\"vertical-align: inherit;\"><span style=\"vertical-align: inherit;\"><span style=\"vertical-align: inherit;\"><span style=\"vertical-align: inherit;\">Derecho<\/span><\/span><\/span><\/span><\/span><\/span><\/span><\/span><\/a><\/li>\n<li class=\"cat-item cat-item-121\" style=\"text-align: left;\"><a href=\"http:\/\/estuderecho.com\/sitio\/?cat=121\"><span style=\"vertical-align: inherit;\"><span style=\"vertical-align: inherit;\"><span style=\"vertical-align: inherit;\"><span style=\"vertical-align: inherit;\"><span style=\"vertical-align: inherit;\"><span style=\"vertical-align: inherit;\"><span style=\"vertical-align: inherit;\"><span style=\"vertical-align: inherit;\">Derecho Internacional P\u00fablico<\/span><\/span><\/span><\/span><\/span><\/span><\/span><\/span><\/a><\/li>\n<li class=\"cat-item cat-item-229\" style=\"text-align: left;\"><a href=\"http:\/\/estuderecho.com\/sitio\/?cat=229\"><span style=\"vertical-align: inherit;\"><span style=\"vertical-align: inherit;\"><span style=\"vertical-align: inherit;\"><span style=\"vertical-align: inherit;\"><span style=\"vertical-align: inherit;\"><span style=\"vertical-align: inherit;\"><span style=\"vertical-align: inherit;\"><span style=\"vertical-align: inherit;\">Derechos Humanos<\/span><\/span><\/span><\/span><\/span><\/span><\/span><\/span><\/a><\/li>\n<li class=\"cat-item cat-item-6744\" style=\"text-align: left;\"><a href=\"http:\/\/estuderecho.com\/sitio\/?cat=6744\"><span style=\"vertical-align: inherit;\"><span style=\"vertical-align: inherit;\"><span style=\"vertical-align: inherit;\"><span style=\"vertical-align: inherit;\"><span style=\"vertical-align: inherit;\"><span style=\"vertical-align: inherit;\"><span style=\"vertical-align: inherit;\"><span style=\"vertical-align: inherit;\">Econom\u00eda<\/span><\/span><\/span><\/span><\/span><\/span><\/span><\/span><\/a><\/li>\n<li class=\"cat-item cat-item-4534\" style=\"text-align: left;\"><a href=\"http:\/\/estuderecho.com\/sitio\/?cat=4534\"><span style=\"vertical-align: inherit;\"><span style=\"vertical-align: inherit;\"><span style=\"vertical-align: inherit;\"><span style=\"vertical-align: inherit;\"><span style=\"vertical-align: inherit;\"><span style=\"vertical-align: inherit;\"><span style=\"vertical-align: inherit;\"><span style=\"vertical-align: inherit;\">Historia de Guatemala<\/span><\/span><\/span><\/span><\/span><\/span><\/span><\/span><\/a><\/li>\n<li class=\"cat-item cat-item-180\" style=\"text-align: left;\"><a title=\"\u00a1Bienvenidos a la secci\u00f3n de contenidos de Derecho Inform\u00e1tico!  \u00a1Ac\u00e1 encontrar\u00e1 todo lo relacionado con legislaci\u00f3n internacional sobre Derecho Inform\u00e1tico!\" href=\"http:\/\/estuderecho.com\/sitio\/?cat=180\"><span style=\"vertical-align: inherit;\"><span style=\"vertical-align: inherit;\"><span style=\"vertical-align: inherit;\"><span style=\"vertical-align: inherit;\"><span style=\"vertical-align: inherit;\"><span style=\"vertical-align: inherit;\"><span style=\"vertical-align: inherit;\"><span style=\"vertical-align: inherit;\">Derecho Inform\u00e1tico<\/span><\/span><\/span><\/span><\/span><\/span><\/span><\/span><\/a><\/li>\n<li class=\"cat-item cat-item-297\" style=\"text-align: left;\"><a href=\"http:\/\/estuderecho.com\/sitio\/?cat=297\"><span style=\"vertical-align: inherit;\"><span style=\"vertical-align: inherit;\"><span style=\"vertical-align: inherit;\"><span style=\"vertical-align: inherit;\"><span style=\"vertical-align: inherit;\"><span style=\"vertical-align: inherit;\"><span style=\"vertical-align: inherit;\"><span style=\"vertical-align: inherit;\">Derecho Laboral<\/span><\/span><\/span><\/span><\/span><\/span><\/span><\/span><\/a><\/li>\n<li class=\"cat-item cat-item-50\" style=\"text-align: left;\"><a href=\"http:\/\/estuderecho.com\/sitio\/?cat=50\"><span style=\"vertical-align: inherit;\"><span style=\"vertical-align: inherit;\"><span style=\"vertical-align: inherit;\"><span style=\"vertical-align: inherit;\"><span style=\"vertical-align: inherit;\"><span style=\"vertical-align: inherit;\"><span style=\"vertical-align: inherit;\"><span style=\"vertical-align: inherit;\">Derecho Mercantil<\/span><\/span><\/span><\/span><\/span><\/span><\/span><\/span><\/a><\/li>\n<li class=\"cat-item cat-item-262\" style=\"text-align: left;\"><a href=\"http:\/\/estuderecho.com\/sitio\/?cat=262\"><span style=\"vertical-align: inherit;\"><span style=\"vertical-align: inherit;\"><span style=\"vertical-align: inherit;\"><span style=\"vertical-align: inherit;\"><span style=\"vertical-align: inherit;\"><span style=\"vertical-align: inherit;\"><span style=\"vertical-align: inherit;\"><span style=\"vertical-align: inherit;\">Derecho Notarial<\/span><\/span><\/span><\/span><\/span><\/span><\/span><\/span><\/a><\/li>\n<li class=\"cat-item cat-item-259\" style=\"text-align: left;\"><a href=\"http:\/\/estuderecho.com\/sitio\/?cat=259\"><span style=\"vertical-align: inherit;\"><span style=\"vertical-align: inherit;\"><span style=\"vertical-align: inherit;\"><span style=\"vertical-align: inherit;\"><span style=\"vertical-align: inherit;\"><span style=\"vertical-align: inherit;\"><span style=\"vertical-align: inherit;\"><span style=\"vertical-align: inherit;\">Derecho Penal<\/span><\/span><\/span><\/span><\/span><\/span><\/span><\/span><\/a><\/li>\n<li class=\"cat-item cat-item-19\" style=\"text-align: left;\"><a href=\"http:\/\/estuderecho.com\/sitio\/?cat=19\"><span style=\"vertical-align: inherit;\"><span style=\"vertical-align: inherit;\"><span style=\"vertical-align: inherit;\"><span style=\"vertical-align: inherit;\"><span style=\"vertical-align: inherit;\"><span style=\"vertical-align: inherit;\"><span style=\"vertical-align: inherit;\"><span style=\"vertical-align: inherit;\">Derecho Procesal<\/span><\/span><\/span><\/span><\/span><\/span><\/span><\/span><\/a><\/li>\n<li class=\"cat-item cat-item-3394\" style=\"text-align: left;\"><a href=\"http:\/\/estuderecho.com\/sitio\/?cat=3394\"><span style=\"vertical-align: inherit;\"><span style=\"vertical-align: inherit;\"><span style=\"vertical-align: inherit;\"><span style=\"vertical-align: inherit;\"><span style=\"vertical-align: inherit;\"><span style=\"vertical-align: inherit;\"><span style=\"vertical-align: inherit;\"><span style=\"vertical-align: inherit;\">Derecho Romano<\/span><\/span><\/span><\/span><\/span><\/span><\/span><\/span><\/a><\/li>\n<li class=\"cat-item cat-item-2240\" style=\"text-align: left;\"><a href=\"http:\/\/estuderecho.com\/sitio\/?cat=2240\"><span style=\"vertical-align: inherit;\"><span style=\"vertical-align: inherit;\"><span style=\"vertical-align: inherit;\"><span style=\"vertical-align: inherit;\"><span style=\"vertical-align: inherit;\"><span style=\"vertical-align: inherit;\"><span style=\"vertical-align: inherit;\"><span style=\"vertical-align: inherit;\">Teor\u00eda del Estado<\/span><\/span><\/span><\/span><\/span><\/span><\/span><\/span><\/a><\/li>\n<li class=\"cat-item cat-item-4042\" style=\"text-align: left;\"><a href=\"http:\/\/estuderecho.com\/sitio\/?cat=4042\"><span style=\"vertical-align: inherit;\"><span style=\"vertical-align: inherit;\"><span style=\"vertical-align: inherit;\"><span style=\"vertical-align: inherit;\"><span style=\"vertical-align: inherit;\"><span style=\"vertical-align: inherit;\"><span style=\"vertical-align: inherit;\"><span style=\"vertical-align: inherit;\">Teor\u00eda del Proceso<\/span><\/span><\/span><\/span><\/span><\/span><\/span><\/span><\/a><\/li>\n<li class=\"cat-item cat-item-84\" style=\"text-align: left;\"><a href=\"http:\/\/estuderecho.com\/sitio\/?cat=84\"><span style=\"vertical-align: inherit;\"><span style=\"vertical-align: inherit;\"><span style=\"vertical-align: inherit;\"><span style=\"vertical-align: inherit;\"><span style=\"vertical-align: inherit;\"><span style=\"vertical-align: inherit;\"><span style=\"vertical-align: inherit;\"><span style=\"vertical-align: inherit;\">Derecho Tributario<\/span><\/span><\/span><\/span><\/span><\/span><\/span><\/span><\/a><\/li>\n<\/ul>\n<p style=\"text-align: left;\"><span style=\"vertical-align: inherit;\"><span style=\"vertical-align: inherit;\"><span style=\"vertical-align: inherit;\">As\u00ed mismo, se encuentran Estudios Jur\u00eddicos, Legislaci\u00f3n Guatemalteca, Cuestionarios, Documentos y Materiales de Apoyo elaborados por estudiantes que de manera gratuita env\u00edan sus archivos para colaborar con el desarrollo educativo del pa\u00eds y de los seguidores de este sitio. <\/span><span style=\"vertical-align: inherit;\">Presiona sobre el V\u00ednculo que desees informaci\u00f3n y adelante a Descargar los archivos que necesites &#8230; si quieres ayudar a que este tipo de informaci\u00f3n pueda enviar tus estudios, art\u00edculos, cuestionarios, ideas y todo lo relacionado al campo del Derecho, puedes hacerlo a trav\u00e9s de de correo electr\u00f3nico estuderecho@gmail.com. <\/span><span style=\"vertical-align: inherit;\">No olvides adjuntar los datos de autor y una breve descripci\u00f3n del material enviado para publicarlo junto a sus respectivos cr\u00e9ditos,<\/span><\/span><\/span><br \/>\n<span style=\"vertical-align: inherit;\"><span style=\"vertical-align: inherit;\"><span style=\"vertical-align: inherit;\"><span style=\"vertical-align: inherit;\"><span style=\"vertical-align: inherit;\">Todos los derechos que est\u00e1n en el \u00e1mbito del Derecho Ocurran, que mejor que comiencen por los cimientos.<\/span><\/span><\/span><\/span><\/span><\/p>\n<p style=\"text-align: left;\"><span style=\"vertical-align: inherit;\"><span style=\"vertical-align: inherit;\"><span style=\"vertical-align: inherit;\"><span style=\"vertical-align: inherit;\">\u00a1No lo pienses m\u00e1s y empieza a descubrir y fortalecer tus conocimientos en los diferentes \u00e1mbitos del derecho!<\/span><\/span><\/span><\/span><\/p>\n<p style=\"text-align: left;\"><span style=\"vertical-align: inherit;\"><span style=\"vertical-align: inherit;\"><span style=\"vertical-align: inherit;\"><span style=\"vertical-align: inherit;\"><span style=\"vertical-align: inherit;\"><span style=\"vertical-align: inherit;\"><span style=\"vertical-align: inherit;\"><span style=\"vertical-align: inherit;\"><span style=\"vertical-align: inherit;\"><span style=\"vertical-align: inherit;\">Si deseas ver mi librer\u00eda completa, recopilaciones de Leyes, decretos, Resoluciones, Documentos, puedes hacerlo a trav\u00e9s de este c\u00edrculo<\/span><\/span><\/span><\/span><\/span><\/span><\/span><\/span><\/span><\/span><\/p>\n<p style=\"text-align: left;\"><a href=\"http:\/\/www.scribd.com\/people\/documents\/143303\"><img decoding=\"async\" src=\"http:\/\/www.scribd.com\/images\/badges\/inline\/documents.gif\" alt=\"Documentos\" \/><\/a><\/p>\n<p style=\"text-align: left;\"><span style=\"vertical-align: inherit;\"><span style=\"vertical-align: inherit;\"><span style=\"vertical-align: inherit;\"><span style=\"vertical-align: inherit;\"><span style=\"vertical-align: inherit;\"><span style=\"vertical-align: inherit;\"><span style=\"vertical-align: inherit;\"><span style=\"vertical-align: inherit;\"><span style=\"vertical-align: inherit;\"><span style=\"vertical-align: inherit;\">PUEDES tambi\u00e9n unirte a Nuestro Grupo de Colaboradores de Derecho guatemalteco aqu\u00ed <\/span><\/span><\/span><\/span><\/span><\/span><\/span><\/span><\/span><\/span><a href=\"http:\/\/www.scribd.com\/groups\/groups\/143303\"><span style=\"vertical-align: inherit;\"><span style=\"vertical-align: inherit;\"><span style=\"vertical-align: inherit;\"><span style=\"vertical-align: inherit;\"><span style=\"vertical-align: inherit;\"><span style=\"vertical-align: inherit;\"><span style=\"vertical-align: inherit;\"><span style=\"vertical-align: inherit;\"><span style=\"vertical-align: inherit;\"><span style=\"vertical-align: inherit;\">&gt;<\/span><\/span><\/span><\/span><\/span><\/span><\/span><\/span><\/span><\/span><\/a><\/p>\n","protected":false},"excerpt":{"rendered":"<p>BIENVENIDOS AL CENTRO DE DESCARGAS DE DOCUMENTOS DE DERECHO Este espacio pretende poner a disposici\u00f3n de los estudiantes y Profesionales del Derecho de la man &nbsp; era gratuita, descargas de documentos en formato electr\u00f3nico como apoyo, consultas y \/ o referencias acad\u00e9micas y laborales. En este proyecto se recopila informaci\u00f3n sobre las diferentes disciplinas jur\u00eddicas [&hellip;]<\/p>\n","protected":false},"author":1,"featured_media":0,"parent":0,"menu_order":0,"comment_status":"open","ping_status":"open","template":"templates\/portfolio-page.php","meta":{"footnotes":""},"class_list":["post-13","page","type-page","status-publish","hentry"],"blocksy_meta":[],"_links":{"self":[{"href":"http:\/\/estuderecho.com\/sitio\/index.php?rest_route=\/wp\/v2\/pages\/13","targetHints":{"allow":["GET"]}}],"collection":[{"href":"http:\/\/estuderecho.com\/sitio\/index.php?rest_route=\/wp\/v2\/pages"}],"about":[{"href":"http:\/\/estuderecho.com\/sitio\/index.php?rest_route=\/wp\/v2\/types\/page"}],"author":[{"embeddable":true,"href":"http:\/\/estuderecho.com\/sitio\/index.php?rest_route=\/wp\/v2\/users\/1"}],"replies":[{"embeddable":true,"href":"http:\/\/estuderecho.com\/sitio\/index.php?rest_route=%2Fwp%2Fv2%2Fcomments&post=13"}],"version-history":[{"count":25,"href":"http:\/\/estuderecho.com\/sitio\/index.php?rest_route=\/wp\/v2\/pages\/13\/revisions"}],"predecessor-version":[{"id":4727,"href":"http:\/\/estuderecho.com\/sitio\/index.php?rest_route=\/wp\/v2\/pages\/13\/revisions\/4727"}],"wp:attachment":[{"href":"http:\/\/estuderecho.com\/sitio\/index.php?rest_route=%2Fwp%2Fv2%2Fmedia&parent=13"}],"curies":[{"name":"wp","href":"https:\/\/api.w.org\/{rel}","templated":true}]}}