{"id":23,"date":"2010-12-10T15:35:10","date_gmt":"2010-12-10T21:35:10","guid":{"rendered":"http:\/\/estuderecho.com\/sitio\/?page_id=23"},"modified":"2010-12-10T15:35:10","modified_gmt":"2010-12-10T21:35:10","slug":"noticias","status":"publish","type":"page","link":"http:\/\/estuderecho.com\/sitio\/?page_id=23","title":{"rendered":"Noticias"},"content":{"rendered":"<p>Todas las noticias con la informaci\u00f3n detallada que tu necesitas la encuentras aqu\u00ed! est\u00e1 clasificada en la siguiente categor\u00eda:<\/p>\n","protected":false},"excerpt":{"rendered":"<p>Todas las noticias con la informaci\u00f3n detallada que tu necesitas la encuentras aqu\u00ed! est\u00e1 clasificada en la siguiente categor\u00eda:<\/p>\n","protected":false},"author":1,"featured_media":0,"parent":0,"menu_order":0,"comment_status":"closed","ping_status":"closed","template":"","meta":{"footnotes":""},"class_list":["post-23","page","type-page","status-publish","hentry"],"blocksy_meta":[],"_links":{"self":[{"href":"http:\/\/estuderecho.com\/sitio\/index.php?rest_route=\/wp\/v2\/pages\/23","targetHints":{"allow":["GET"]}}],"collection":[{"href":"http:\/\/estuderecho.com\/sitio\/index.php?rest_route=\/wp\/v2\/pages"}],"about":[{"href":"http:\/\/estuderecho.com\/sitio\/index.php?rest_route=\/wp\/v2\/types\/page"}],"author":[{"embeddable":true,"href":"http:\/\/estuderecho.com\/sitio\/index.php?rest_route=\/wp\/v2\/users\/1"}],"replies":[{"embeddable":true,"href":"http:\/\/estuderecho.com\/sitio\/index.php?rest_route=%2Fwp%2Fv2%2Fcomments&post=23"}],"version-history":[{"count":1,"href":"http:\/\/estuderecho.com\/sitio\/index.php?rest_route=\/wp\/v2\/pages\/23\/revisions"}],"predecessor-version":[{"id":24,"href":"http:\/\/estuderecho.com\/sitio\/index.php?rest_route=\/wp\/v2\/pages\/23\/revisions\/24"}],"wp:attachment":[{"href":"http:\/\/estuderecho.com\/sitio\/index.php?rest_route=%2Fwp%2Fv2%2Fmedia&parent=23"}],"curies":[{"name":"wp","href":"https:\/\/api.w.org\/{rel}","templated":true}]}}