{"id":5,"date":"2010-12-10T01:53:42","date_gmt":"2010-12-10T01:53:42","guid":{"rendered":"http:\/\/estuderecho.com\/sitio\/?page_id=5"},"modified":"2018-08-31T15:40:16","modified_gmt":"2018-08-31T21:40:16","slug":"aviones","status":"publish","type":"page","link":"http:\/\/estuderecho.com\/sitio\/?page_id=5","title":{"rendered":"Servicios"},"content":{"rendered":"<h3>Ofrecemos servicios diversos\u00a0para generar ingresos para mantener el sitio web (Hosting, hospedaje y mantenimiento) activo!<\/h3>\n<ul>\n<li><strong>Intercambio de Banners:\u00a0<\/strong>Intercambio de Banners, links para generar m\u00e1s trafico hacia su sitio web y viceversa!<a href=\"http:\/\/estuderecho.com\/sitio\/wp-content\/uploads\/2010\/12\/1292257608_Utilities.png\"><img loading=\"lazy\" decoding=\"async\" class=\"size-full wp-image-61 alignright\" title=\"1292257608_Utilities\" src=\"http:\/\/estuderecho.com\/sitio\/wp-content\/uploads\/2010\/12\/1292257608_Utilities.png\" alt=\"\" width=\"128\" height=\"128\" srcset=\"http:\/\/estuderecho.com\/sitio\/wp-content\/uploads\/2010\/12\/1292257608_Utilities.png 128w, http:\/\/estuderecho.com\/sitio\/wp-content\/uploads\/2010\/12\/1292257608_Utilities-36x36.png 36w, http:\/\/estuderecho.com\/sitio\/wp-content\/uploads\/2010\/12\/1292257608_Utilities-115x115.png 115w\" sizes=\"auto, (max-width: 128px) 100vw, 128px\" \/><\/a><\/li>\n<li><strong>Dise\u00f1o de Websites:<\/strong> Dise\u00f1amos p\u00e1ginas web autoadministrables (facil mantenimiento) econ\u00f3micas!<\/li>\n<li><strong>Hosting:\u00a0<\/strong>Diferentes planes de hospedaje para su sitio web<\/li>\n<li><strong>Dominios:<\/strong> Venta de dominios \u00a0(.Com; .Org; .Net; .Com.Gt; .Org.Gt)<\/li>\n<li><strong>Asesor\u00eda en Dise\u00f1o Web<\/strong> ( Desarrollo de Sitios y P\u00e1ginas Web; Dise\u00f1o, )<\/li>\n<li><strong>Asesor\u00eda Jur\u00eddica y Fiscal <\/strong>(Areas Civil, Mercantil, Penal, Administrativa, Laboral y Fiscal)<\/li>\n<li><strong>Contabilidad General<\/strong> (Sociedades, Empresas Mercantiles)<\/li>\n<li><strong>Publicidad Online <\/strong>(Via Correo Electr\u00f3nico o Emailing; Publicidad Directa en este Sitio; Intercambio de Banners)<\/li>\n<li><strong>Actualizacion, Mantenimiento de Computadoras<\/strong>, Cableado y Estructurado; Redes Inal\u00e1mbricas)<\/li>\n<li><strong><em>Canales de Acceso:<\/em><\/strong><\/li>\n<li>Via Celular:\u00a0<strong>5460-4122<\/strong><\/li>\n<li>Via Correo Electr\u00f3nico:<strong> estuderecho@gmail.com<\/strong><\/li>\n<\/ul>\n","protected":false},"excerpt":{"rendered":"<p>Ofrecemos servicios diversos\u00a0para generar ingresos para mantener el sitio web (Hosting, hospedaje y mantenimiento) activo! Intercambio de Banners:\u00a0Intercambio de Banners, links para generar m\u00e1s trafico hacia su sitio web y viceversa! Dise\u00f1o de Websites: Dise\u00f1amos p\u00e1ginas web autoadministrables (facil mantenimiento) econ\u00f3micas! Hosting:\u00a0Diferentes planes de hospedaje para su sitio web Dominios: Venta de dominios \u00a0(.Com; .Org; [&hellip;]<\/p>\n","protected":false},"author":1,"featured_media":0,"parent":0,"menu_order":0,"comment_status":"open","ping_status":"open","template":"","meta":{"footnotes":""},"class_list":["post-5","page","type-page","status-publish","hentry"],"blocksy_meta":[],"_links":{"self":[{"href":"http:\/\/estuderecho.com\/sitio\/index.php?rest_route=\/wp\/v2\/pages\/5","targetHints":{"allow":["GET"]}}],"collection":[{"href":"http:\/\/estuderecho.com\/sitio\/index.php?rest_route=\/wp\/v2\/pages"}],"about":[{"href":"http:\/\/estuderecho.com\/sitio\/index.php?rest_route=\/wp\/v2\/types\/page"}],"author":[{"embeddable":true,"href":"http:\/\/estuderecho.com\/sitio\/index.php?rest_route=\/wp\/v2\/users\/1"}],"replies":[{"embeddable":true,"href":"http:\/\/estuderecho.com\/sitio\/index.php?rest_route=%2Fwp%2Fv2%2Fcomments&post=5"}],"version-history":[{"count":12,"href":"http:\/\/estuderecho.com\/sitio\/index.php?rest_route=\/wp\/v2\/pages\/5\/revisions"}],"predecessor-version":[{"id":4792,"href":"http:\/\/estuderecho.com\/sitio\/index.php?rest_route=\/wp\/v2\/pages\/5\/revisions\/4792"}],"wp:attachment":[{"href":"http:\/\/estuderecho.com\/sitio\/index.php?rest_route=%2Fwp%2Fv2%2Fmedia&parent=5"}],"curies":[{"name":"wp","href":"https:\/\/api.w.org\/{rel}","templated":true}]}}