{"id":64,"date":"2010-12-13T10:56:38","date_gmt":"2010-12-13T16:56:38","guid":{"rendered":"http:\/\/estuderecho.com\/sitio\/?page_id=64"},"modified":"2018-08-31T08:57:09","modified_gmt":"2018-08-31T14:57:09","slug":"conocenos","status":"publish","type":"page","link":"http:\/\/estuderecho.com\/sitio\/?page_id=64","title":{"rendered":"Conocenos"},"content":{"rendered":"<blockquote>\n<p align=\"center\"><span style=\"color: #800000;\"><strong><span style=\"vertical-align: inherit;\"><span style=\"vertical-align: inherit;\"><span style=\"vertical-align: inherit;\"><span style=\"vertical-align: inherit;\"><img loading=\"lazy\" decoding=\"async\" class=\"aligncenter wp-image-333\" src=\"http:\/\/estuderecho.com\/sitio\/wp-content\/uploads\/2011\/01\/cropped-arte-estudiantes.jpg\" alt=\"\" width=\"179\" height=\"179\" srcset=\"http:\/\/estuderecho.com\/sitio\/wp-content\/uploads\/2011\/01\/cropped-arte-estudiantes.jpg 110w, http:\/\/estuderecho.com\/sitio\/wp-content\/uploads\/2011\/01\/cropped-arte-estudiantes-36x36.jpg 36w\" sizes=\"auto, (max-width: 179px) 100vw, 179px\" \/><\/span><\/span><\/span><\/span><\/strong><\/span><\/p>\n<p align=\"center\">\n<p align=\"center\"><span style=\"color: #800000;\"><strong><span style=\"vertical-align: inherit;\"><span style=\"vertical-align: inherit;\"><span style=\"vertical-align: inherit;\"><span style=\"vertical-align: inherit;\"><span style=\"vertical-align: inherit;\"><span style=\"vertical-align: inherit;\">PRESENTACI\u00d3N DEL SITIO<\/span><\/span><\/span><\/span><\/span><\/span><\/strong><\/span><\/p>\n<p align=\"justify\"><span style=\"vertical-align: inherit;\"><span style=\"vertical-align: inherit;\"><span style=\"vertical-align: inherit;\"><span style=\"vertical-align: inherit;\"><span style=\"vertical-align: inherit;\"><span style=\"vertical-align: inherit;\">El Proyecto Acad\u00e9mico Estuderecho.com es una propuesta de apoyo a la poblaci\u00f3n estudiantil del \u00e1rea del derecho a trav\u00e9s de un espacio sociocultural y acad\u00e9mico que ayuda al estudiante en su tarea acad\u00e9mica por el medio de herramientas como c\u00f3digos, educaci\u00f3n, materiales de apoyo, art\u00edculos , estudios jur\u00eddicos cuestionarios, consejos jur\u00eddicos, y otras utilidades mas.<\/span><\/span><\/span><\/span><\/span><\/span><\/p>\n<p align=\"justify\"><span style=\"vertical-align: inherit;\"><span style=\"vertical-align: inherit;\"><span style=\"vertical-align: inherit;\"><span style=\"vertical-align: inherit;\"><span style=\"vertical-align: inherit;\"><span style=\"vertical-align: inherit;\">El Sitio web es un sitio web especializado en temas vinculados con el Derecho y las Ciencias Jur\u00eddicas y Sociales.<\/span><\/span><\/span><\/span><\/span><\/span><\/p>\n<p align=\"justify\"><span style=\"vertical-align: inherit;\"><span style=\"vertical-align: inherit;\"><span style=\"vertical-align: inherit;\"><span style=\"vertical-align: inherit;\"><span style=\"vertical-align: inherit;\"><span style=\"vertical-align: inherit;\">El objeto del sitio es proporcionar servicios a ciudadanos, asociaciones y colegios de profesionales, empresas p\u00fablicas y empresas en general, pero principalmente estudiantes de Derecho de la Universidad de San Carlos de Guatemala y universidades que funcionan en el pa\u00eds.<\/span><\/span><\/span><\/span><\/span><\/span><\/p>\n<p align=\"justify\"><span style=\"vertical-align: inherit;\"><span style=\"vertical-align: inherit;\"><span style=\"vertical-align: inherit;\"><span style=\"vertical-align: inherit;\"><span style=\"vertical-align: inherit;\"><span style=\"vertical-align: inherit;\">Este sitio web fue creado, y dise\u00f1ado por\u00a0 <\/span><\/span><\/span><\/span><\/span><\/span><a href=\"http:\/\/estuderecho.com\/sitio\/?page_id=906\"><span style=\"vertical-align: inherit;\"><span style=\"vertical-align: inherit;\"><span style=\"vertical-align: inherit;\"><span style=\"vertical-align: inherit;\"><span style=\"vertical-align: inherit;\"><span style=\"vertical-align: inherit;\">Yuri Armando Franco L\u00f3pez,<\/span><\/span><\/span><\/span><\/span><\/span><\/a><span style=\"vertical-align: inherit;\"><span style=\"vertical-align: inherit;\"><span style=\"vertical-align: inherit;\"><span style=\"vertical-align: inherit;\"><span style=\"vertical-align: inherit;\"><span style=\"vertical-align: inherit;\"> actualmente, es dirigido y administrado para proveer a estudiantes, Catedr\u00e1ticos y profesionales del derecho el acceso a nuevas herramientas educativas con enfoque social y jur\u00eddico.\u00a0<\/span><\/span><\/span><\/span><\/span><\/span><\/p>\n<p align=\"justify\"><span style=\"vertical-align: inherit;\"><span style=\"vertical-align: inherit;\"><span style=\"vertical-align: inherit;\"><span style=\"vertical-align: inherit;\"><span style=\"vertical-align: inherit;\"><span style=\"vertical-align: inherit;\">Nuestra presencia en Internet comenz\u00f3 en agosto de 2003, siendo uno de los sitios m\u00e1s visitados de Guatemala en su tem\u00e1tica. <\/span><\/span><\/span><\/span><\/span><span style=\"vertical-align: inherit;\"><span style=\"vertical-align: inherit;\"><span style=\"vertical-align: inherit;\"><span style=\"vertical-align: inherit;\"><span style=\"vertical-align: inherit;\">En un comienzo el sitio fue llamado alianzaestudiantil.org. <\/span><\/span><\/span><\/span><\/span><span style=\"vertical-align: inherit;\"><span style=\"vertical-align: inherit;\"><span style=\"vertical-align: inherit;\"><span style=\"vertical-align: inherit;\"><span style=\"vertical-align: inherit;\">El cual con el tiempo cambi\u00f3 de nombre al igual que su imagen y contenidos, para brindarte lo mejor.<\/span><\/span><\/span><\/span><\/span><\/span><\/p>\n<p align=\"justify\"><span style=\"vertical-align: inherit;\"><span style=\"vertical-align: inherit;\"><span style=\"vertical-align: inherit;\"><span style=\"vertical-align: inherit;\"><span style=\"vertical-align: inherit;\"><span style=\"vertical-align: inherit;\">El Sitio EstuDerecho se caracteriza por el esp\u00edritu de proporcionar toda la informaci\u00f3n disponible a los visitantes, en forma absolutamente libre y gratuita.<\/span><\/span><\/span><\/span><\/span><\/span><\/p>\n<p><img loading=\"lazy\" decoding=\"async\" class=\"aligncenter size-full wp-image-3690\" src=\"http:\/\/estuderecho.com\/sitio\/wp-content\/uploads\/2016\/02\/estudiantesxderecho-1.png\" alt=\"\" width=\"440\" height=\"150\" srcset=\"http:\/\/estuderecho.com\/sitio\/wp-content\/uploads\/2016\/02\/estudiantesxderecho-1.png 440w, http:\/\/estuderecho.com\/sitio\/wp-content\/uploads\/2016\/02\/estudiantesxderecho-1-300x102.png 300w, http:\/\/estuderecho.com\/sitio\/wp-content\/uploads\/2016\/02\/estudiantesxderecho-1-50x17.png 50w\" sizes=\"auto, (max-width: 440px) 100vw, 440px\" \/><span style=\"vertical-align: inherit;\"><span style=\"vertical-align: inherit;\"><span style=\"vertical-align: inherit;\"><span style=\"vertical-align: inherit;\"><span style=\"vertical-align: inherit;\"><span style=\"vertical-align: inherit;\">Bienvenidos!<\/span><\/span><\/span><\/span><\/span><\/span><\/p><\/blockquote>\n","protected":false},"excerpt":{"rendered":"<p>PRESENTACI\u00d3N DEL SITIO El Proyecto Acad\u00e9mico Estuderecho.com es una propuesta de apoyo a la poblaci\u00f3n estudiantil del \u00e1rea del derecho a trav\u00e9s de un espacio sociocultural y acad\u00e9mico que ayuda al estudiante en su tarea acad\u00e9mica por el medio de herramientas como c\u00f3digos, educaci\u00f3n, materiales de apoyo, art\u00edculos , estudios jur\u00eddicos cuestionarios, consejos jur\u00eddicos, y [&hellip;]<\/p>\n","protected":false},"author":1,"featured_media":0,"parent":0,"menu_order":0,"comment_status":"closed","ping_status":"closed","template":"templates\/portfolio-page.php","meta":{"footnotes":""},"class_list":["post-64","page","type-page","status-publish","hentry"],"blocksy_meta":[],"_links":{"self":[{"href":"http:\/\/estuderecho.com\/sitio\/index.php?rest_route=\/wp\/v2\/pages\/64","targetHints":{"allow":["GET"]}}],"collection":[{"href":"http:\/\/estuderecho.com\/sitio\/index.php?rest_route=\/wp\/v2\/pages"}],"about":[{"href":"http:\/\/estuderecho.com\/sitio\/index.php?rest_route=\/wp\/v2\/types\/page"}],"author":[{"embeddable":true,"href":"http:\/\/estuderecho.com\/sitio\/index.php?rest_route=\/wp\/v2\/users\/1"}],"replies":[{"embeddable":true,"href":"http:\/\/estuderecho.com\/sitio\/index.php?rest_route=%2Fwp%2Fv2%2Fcomments&post=64"}],"version-history":[{"count":9,"href":"http:\/\/estuderecho.com\/sitio\/index.php?rest_route=\/wp\/v2\/pages\/64\/revisions"}],"predecessor-version":[{"id":4738,"href":"http:\/\/estuderecho.com\/sitio\/index.php?rest_route=\/wp\/v2\/pages\/64\/revisions\/4738"}],"wp:attachment":[{"href":"http:\/\/estuderecho.com\/sitio\/index.php?rest_route=%2Fwp%2Fv2%2Fmedia&parent=64"}],"curies":[{"name":"wp","href":"https:\/\/api.w.org\/{rel}","templated":true}]}}