{"id":25,"date":"2010-12-10T15:35:43","date_gmt":"2010-12-10T21:35:43","guid":{"rendered":"http:\/\/estuderecho.com\/sitio\/?page_id=25"},"modified":"2010-12-13T09:39:31","modified_gmt":"2010-12-13T15:39:31","slug":"para-estudiantes","status":"publish","type":"page","link":"https:\/\/estuderecho.com\/sitio\/?page_id=25","title":{"rendered":"Para Estudiantes"},"content":{"rendered":"<p><a href=\"http:\/\/estuderecho.com\/sitio\/wp-content\/uploads\/2010\/12\/Easiest-Way-To-Get-Usa-Student-Visa.jpg\"><img loading=\"lazy\" decoding=\"async\" class=\"alignleft\" title=\"Easiest-Way-To-Get-Usa-Student-Visa\" src=\"http:\/\/estuderecho.com\/sitio\/wp-content\/uploads\/2010\/12\/Easiest-Way-To-Get-Usa-Student-Visa-300x225.jpg\" alt=\"\" width=\"180\" height=\"135\" \/><\/a>Este espacio pretende poner a disposici\u00f3n de los estudiantes y Profesionales del Derecho de manera gratuita, descargas de documentos en formato electr\u00f3nico como apoyo, consultas y\/o referencias acad\u00e9micas y laborales. En este proyecto se recopila la informaci\u00f3n de las diferentes disciplinas jur\u00eddicas contempladas en el nuevo pensum de Estudios de la Facultad de Ciencias Jur\u00eddicas y Sociales de la Universidad de san Carlos de Guatemala.<\/p>\n<p>As\u00ed mismo encontrar\u00e1 Legislaci\u00f3n Guatemalteca, Estudios Jur\u00eddicos, Cuestionarios, Documentos y Materiales de Apoyo elaborados por estudiantes quienes de manera gratuita env\u00edan sus archivos para colaborar con el desarrollo educativo del pa\u00eds y de este sitio, a dem\u00e1s de vincular con otras p\u00e1ginas de desarrollo de t\u00e9cnicas educativas.<\/p>\n<p>Presiona sobre el Vinculo que desees informaci\u00f3n y adelante a Descargar los archivos que necesites\u2026 si quieres contribuir a engrandecer este sitio puedes enviar tus estudios, art\u00edculos, cuestionarios, ideas y todo lo relacionado al campo del Derecho. Puedes hacerlo llegar a trav\u00e9s del correo electr\u00f3nico chapinporsiempre@gmail.com No olvides adjuntar los datos de autor y una breve descripci\u00f3n del material a enviar para publicarlo junto a sus respectivos cr\u00e9ditos, de antemano Gracias a todos por sus valiosos aportes y colaboraci\u00f3n As\u00ed como comentarios acerca del proyecto estudiantil de EsTuDerecho.com.<\/p>\n","protected":false},"excerpt":{"rendered":"<p>Este espacio pretende poner a disposici\u00f3n de los estudiantes y Profesionales del Derecho de manera gratuita, descargas de documentos en formato electr\u00f3nico como apoyo, consultas y\/o referencias acad\u00e9micas y laborales. En este proyecto se recopila la informaci\u00f3n de las diferentes disciplinas jur\u00eddicas contempladas en el nuevo pensum de Estudios de la Facultad de Ciencias Jur\u00eddicas [&hellip;]<\/p>\n","protected":false},"author":1,"featured_media":0,"parent":0,"menu_order":0,"comment_status":"closed","ping_status":"closed","template":"","meta":{"footnotes":""},"class_list":["post-25","page","type-page","status-publish","hentry"],"blocksy_meta":[],"_links":{"self":[{"href":"https:\/\/estuderecho.com\/sitio\/index.php?rest_route=\/wp\/v2\/pages\/25","targetHints":{"allow":["GET"]}}],"collection":[{"href":"https:\/\/estuderecho.com\/sitio\/index.php?rest_route=\/wp\/v2\/pages"}],"about":[{"href":"https:\/\/estuderecho.com\/sitio\/index.php?rest_route=\/wp\/v2\/types\/page"}],"author":[{"embeddable":true,"href":"https:\/\/estuderecho.com\/sitio\/index.php?rest_route=\/wp\/v2\/users\/1"}],"replies":[{"embeddable":true,"href":"https:\/\/estuderecho.com\/sitio\/index.php?rest_route=%2Fwp%2Fv2%2Fcomments&post=25"}],"version-history":[{"count":4,"href":"https:\/\/estuderecho.com\/sitio\/index.php?rest_route=\/wp\/v2\/pages\/25\/revisions"}],"predecessor-version":[{"id":59,"href":"https:\/\/estuderecho.com\/sitio\/index.php?rest_route=\/wp\/v2\/pages\/25\/revisions\/59"}],"wp:attachment":[{"href":"https:\/\/estuderecho.com\/sitio\/index.php?rest_route=%2Fwp%2Fv2%2Fmedia&parent=25"}],"curies":[{"name":"wp","href":"https:\/\/api.w.org\/{rel}","templated":true}]}}